{"id":8994,"date":"2020-12-14T08:23:14","date_gmt":"2020-12-14T08:23:14","guid":{"rendered":"https:\/\/companyhub.liquid-themes.com\/staging\/?page_id=8994"},"modified":"2025-01-13T15:08:54","modified_gmt":"2025-01-13T12:08:54","slug":"blog","status":"publish","type":"page","link":"https:\/\/yilmazlarmalimusavirlik.com\/index.php\/blog\/","title":{"rendered":"Blog"},"content":{"rendered":"\t\t<div data-elementor-type=\"wp-page\" data-elementor-id=\"8994\" class=\"elementor elementor-8994\">\n\t\t\t\t\t\t<section class=\"elementor-section elementor-top-section elementor-element elementor-element-e456d61 elementor-section-boxed elementor-section-height-default elementor-section-height-default\" data-id=\"e456d61\" data-element_type=\"section\">\n\t\t\t\t\t\t<div class=\"elementor-container elementor-column-gap-default\">\n\t\t\t\t\t<div class=\"elementor-column elementor-col-100 elementor-top-column elementor-element elementor-element-e94a6e8\" data-id=\"e94a6e8\" data-element_type=\"column\">\n\t\t\t<div class=\"elementor-widget-wrap elementor-element-populated\">\n\t\t\t\t\t\t<div class=\"elementor-element elementor-element-9914842 elementor-widget elementor-widget-ld_blog\" data-id=\"9914842\" data-element_type=\"widget\" data-widget_type=\"ld_blog.default\">\n\t\t\t\t<div class=\"elementor-widget-container\">\n\t\t\t\t\t<div class=\"lqd-lp-grid 9914842 blog-id-160516162 \"><div class=\"lqd-lp-row row pos-rel d-flex flex-wrap\" ><div class=\"lqd-lp-column d-flex flex-column col-md-6 col-sm-6 revizyon\"><article id=\"post-10011\" class=\"lqd-lp pos-rel lqd-lp lqd-lp-style-16 text-start post-10011 post type-post status-publish format-standard has-post-thumbnail hentry category-revizyon tag-revizyon\">\n\n<div class=\"lqd-lp-img border-radius-4 overflow-hidden pos-rel mb-5\">\n\t<figure class=\"pos-rel bg-cover bg-center w-100\"><img fetchpriority=\"high\" decoding=\"async\" width=\"720\" height=\"400\" src=\"https:\/\/yilmazlarmalimusavirlik.com\/wp-content\/uploads\/2024\/12\/120151-720x400.jpg\" class=\"w-100 wp-post-image\" alt=\"\" itemprop=\"image\" \/><\/figure><\/div>\n\n<header class=\"lqd-lp-header mb-3\">\n\t<h2 class=\"entry-title lqd-lp-title h5 m-0\"><a  href=\"https:\/\/yilmazlarmalimusavirlik.com\/index.php\/revizyon\/revizyon-islemleri-sirket-finansmaninizi-saglam-temellere-oturtun\/\" rel=\"bookmark\">Revizyon \u0130\u015flemleri: \u015eirket Finansman\u0131n\u0131z\u0131 Sa\u011flam Temellere Oturtun<\/a><\/h2><\/header>\n\n\t\t\t<div class=\"lqd-lp-excerpt mb-3\">\n\t\t\t\t\t\t\t<\/div>\n\t\t\n<footer class=\"lqd-lp-footer pos-rel z-index-2 pt-1\">\n\t<a href=\"https:\/\/yilmazlarmalimusavirlik.com\/index.php\/revizyon\/revizyon-islemleri-sirket-finansmaninizi-saglam-temellere-oturtun\/\" class=\"btn btn-naked text-uppercase ltr-sp-1 size-sm font-weight-bold lqd-lp-read-more\">\n\t\t<span class=\"btn-line btn-line-before d-inline-block pos-rel\"><\/span>\n\t\t<span class=\"btn-txt d-inline-block\">Continue Reading<\/span>\n\t\t<span class=\"btn-line btn-line-after d-inline-block pos-rel\">\n\t\t\t<svg class=\"d-inline-block pos-abs\" xmlns=\"http:\/\/www.w3.org\/2000\/svg\" width=\"12\" height=\"32\" viewBox=\"0 0 12 32\" style=\"height: 2em;\"><path fill=\"currentColor\" d=\"M8.375 16L.437 8.062C-.125 7.5-.125 6.5.438 5.938s1.563-.563 2.126 0l9 9c.562.562.624 1.5.062 2.062l-9.063 9.063c-.312.312-.687.437-1.062.437s-.75-.125-1.063-.438c-.562-.562-.562-1.562 0-2.125z\"><\/path><\/svg>\n\t\t<\/span>\n\t<\/a>\n<\/footer>\n\n<a  href=\"https:\/\/yilmazlarmalimusavirlik.com\/index.php\/revizyon\/revizyon-islemleri-sirket-finansmaninizi-saglam-temellere-oturtun\/\" class=\"lqd-lp-overlay-link lqd-overlay lqd-cc-label-trigger z-index-2\" tab-index=\"-1\"><\/a>\n<\/article><\/div><div class=\"lqd-lp-column d-flex flex-column col-md-6 col-sm-6 vergi-danismanligi\"><article id=\"post-10010\" class=\"lqd-lp pos-rel lqd-lp lqd-lp-style-16 text-start post-10010 post type-post status-publish format-standard has-post-thumbnail hentry category-vergi-danismanligi tag-vergi-danismanligi\">\n\n<div class=\"lqd-lp-img border-radius-4 overflow-hidden pos-rel mb-5\">\n\t<figure class=\"pos-rel bg-cover bg-center w-100\"><img decoding=\"async\" width=\"720\" height=\"400\" src=\"data:image\/svg+xml;charset=utf-8,%3Csvg xmlns%3D&#039;http%3A%2F%2Fwww.w3.org%2F2000%2Fsvg&#039; viewBox%3D&#039;0 0  &#039;%2F%3E\" class=\"w-100 ld-lazyload wp-post-image\" alt=\"\" itemprop=\"image\" data-src=\"https:\/\/yilmazlarmalimusavirlik.com\/wp-content\/uploads\/2021\/06\/33565-720x400.jpg\" data-aspect=\"\" \/><\/figure><\/div>\n\n<header class=\"lqd-lp-header mb-3\">\n\t<h2 class=\"entry-title lqd-lp-title h5 m-0\"><a  href=\"https:\/\/yilmazlarmalimusavirlik.com\/index.php\/vergi-danismanligi\/vergi-danismanligi-isletmenizin-vergi-yukumluluklerini-yonetin\/\" rel=\"bookmark\">Vergi Dan\u0131\u015fmanl\u0131\u011f\u0131: \u0130\u015fletmenizin Vergi Y\u00fck\u00fcml\u00fcl\u00fcklerini Y\u00f6netin<\/a><\/h2><\/header>\n\n\t\t\t<div class=\"lqd-lp-excerpt mb-3\">\n\t\t\t\t\t\t\t<\/div>\n\t\t\n<footer class=\"lqd-lp-footer pos-rel z-index-2 pt-1\">\n\t<a href=\"https:\/\/yilmazlarmalimusavirlik.com\/index.php\/vergi-danismanligi\/vergi-danismanligi-isletmenizin-vergi-yukumluluklerini-yonetin\/\" class=\"btn btn-naked text-uppercase ltr-sp-1 size-sm font-weight-bold lqd-lp-read-more\">\n\t\t<span class=\"btn-line btn-line-before d-inline-block pos-rel\"><\/span>\n\t\t<span class=\"btn-txt d-inline-block\">Continue Reading<\/span>\n\t\t<span class=\"btn-line btn-line-after d-inline-block pos-rel\">\n\t\t\t<svg class=\"d-inline-block pos-abs\" xmlns=\"http:\/\/www.w3.org\/2000\/svg\" width=\"12\" height=\"32\" viewBox=\"0 0 12 32\" style=\"height: 2em;\"><path fill=\"currentColor\" d=\"M8.375 16L.437 8.062C-.125 7.5-.125 6.5.438 5.938s1.563-.563 2.126 0l9 9c.562.562.624 1.5.062 2.062l-9.063 9.063c-.312.312-.687.437-1.062.437s-.75-.125-1.063-.438c-.562-.562-.562-1.562 0-2.125z\"><\/path><\/svg>\n\t\t<\/span>\n\t<\/a>\n<\/footer>\n\n<a  href=\"https:\/\/yilmazlarmalimusavirlik.com\/index.php\/vergi-danismanligi\/vergi-danismanligi-isletmenizin-vergi-yukumluluklerini-yonetin\/\" class=\"lqd-lp-overlay-link lqd-overlay lqd-cc-label-trigger z-index-2\" tab-index=\"-1\"><\/a>\n<\/article><\/div><div class=\"lqd-lp-column d-flex flex-column col-md-6 col-sm-6 sirket-kurulus-danismanligi\"><article id=\"post-10009\" class=\"lqd-lp pos-rel lqd-lp lqd-lp-style-16 text-start post-10009 post type-post status-publish format-standard has-post-thumbnail hentry category-sirket-kurulus-danismanligi tag-sirket-kurulus-danismanligi\">\n\n<div class=\"lqd-lp-img border-radius-4 overflow-hidden pos-rel mb-5\">\n\t<figure class=\"pos-rel bg-cover bg-center w-100\"><img decoding=\"async\" width=\"720\" height=\"400\" src=\"data:image\/svg+xml;charset=utf-8,%3Csvg xmlns%3D&#039;http%3A%2F%2Fwww.w3.org%2F2000%2Fsvg&#039; viewBox%3D&#039;0 0  &#039;%2F%3E\" class=\"w-100 ld-lazyload wp-post-image\" alt=\"\" itemprop=\"image\" data-src=\"https:\/\/yilmazlarmalimusavirlik.com\/wp-content\/uploads\/2021\/06\/31245-720x400.jpg\" data-aspect=\"\" \/><\/figure><\/div>\n\n<header class=\"lqd-lp-header mb-3\">\n\t<h2 class=\"entry-title lqd-lp-title h5 m-0\"><a  href=\"https:\/\/yilmazlarmalimusavirlik.com\/index.php\/sirket-kurulus-danismanligi\/sirket-kurulus-danismanligi-yeni-isinizi-guvenle-baslatin\/\" rel=\"bookmark\">\u015eirket Kurulu\u015f Dan\u0131\u015fmanl\u0131\u011f\u0131: Yeni \u0130\u015finizi G\u00fcvenle Ba\u015flat\u0131n<\/a><\/h2><\/header>\n\n\t\t\t<div class=\"lqd-lp-excerpt mb-3\">\n\t\t\t\t\t\t\t<\/div>\n\t\t\n<footer class=\"lqd-lp-footer pos-rel z-index-2 pt-1\">\n\t<a href=\"https:\/\/yilmazlarmalimusavirlik.com\/index.php\/sirket-kurulus-danismanligi\/sirket-kurulus-danismanligi-yeni-isinizi-guvenle-baslatin\/\" class=\"btn btn-naked text-uppercase ltr-sp-1 size-sm font-weight-bold lqd-lp-read-more\">\n\t\t<span class=\"btn-line btn-line-before d-inline-block pos-rel\"><\/span>\n\t\t<span class=\"btn-txt d-inline-block\">Continue Reading<\/span>\n\t\t<span class=\"btn-line btn-line-after d-inline-block pos-rel\">\n\t\t\t<svg class=\"d-inline-block pos-abs\" xmlns=\"http:\/\/www.w3.org\/2000\/svg\" width=\"12\" height=\"32\" viewBox=\"0 0 12 32\" style=\"height: 2em;\"><path fill=\"currentColor\" d=\"M8.375 16L.437 8.062C-.125 7.5-.125 6.5.438 5.938s1.563-.563 2.126 0l9 9c.562.562.624 1.5.062 2.062l-9.063 9.063c-.312.312-.687.437-1.062.437s-.75-.125-1.063-.438c-.562-.562-.562-1.562 0-2.125z\"><\/path><\/svg>\n\t\t<\/span>\n\t<\/a>\n<\/footer>\n\n<a  href=\"https:\/\/yilmazlarmalimusavirlik.com\/index.php\/sirket-kurulus-danismanligi\/sirket-kurulus-danismanligi-yeni-isinizi-guvenle-baslatin\/\" class=\"lqd-lp-overlay-link lqd-overlay lqd-cc-label-trigger z-index-2\" tab-index=\"-1\"><\/a>\n<\/article><\/div><div class=\"lqd-lp-column d-flex flex-column col-md-6 col-sm-6 finansal-raporlama-ve-analiz\"><article id=\"post-10008\" class=\"lqd-lp pos-rel lqd-lp lqd-lp-style-16 text-start post-10008 post type-post status-publish format-standard has-post-thumbnail hentry category-finansal-raporlama-ve-analiz tag-finansal-raporlama-ve-analiz\">\n\n<div class=\"lqd-lp-img border-radius-4 overflow-hidden pos-rel mb-5\">\n\t<figure class=\"pos-rel bg-cover bg-center w-100\"><img loading=\"lazy\" decoding=\"async\" width=\"720\" height=\"400\" src=\"data:image\/svg+xml;charset=utf-8,%3Csvg xmlns%3D&#039;http%3A%2F%2Fwww.w3.org%2F2000%2Fsvg&#039; viewBox%3D&#039;0 0  &#039;%2F%3E\" class=\"w-100 ld-lazyload wp-post-image\" alt=\"\" itemprop=\"image\" data-src=\"https:\/\/yilmazlarmalimusavirlik.com\/wp-content\/uploads\/2021\/06\/19239-720x400.jpg\" data-aspect=\"\" \/><\/figure><\/div>\n\n<header class=\"lqd-lp-header mb-3\">\n\t<h2 class=\"entry-title lqd-lp-title h5 m-0\"><a  href=\"https:\/\/yilmazlarmalimusavirlik.com\/index.php\/finansal-raporlama-ve-analiz\/finansal-raporlama-ve-analiz-sirketinizin-finansal-durumunu-dogru-anlayin\/\" rel=\"bookmark\">Finansal Raporlama ve Analiz: \u015eirketinizin Finansal Durumunu Do\u011fru Anlay\u0131n<\/a><\/h2><\/header>\n\n\t\t\t<div class=\"lqd-lp-excerpt mb-3\">\n\t\t\t\t\t\t\t<\/div>\n\t\t\n<footer class=\"lqd-lp-footer pos-rel z-index-2 pt-1\">\n\t<a href=\"https:\/\/yilmazlarmalimusavirlik.com\/index.php\/finansal-raporlama-ve-analiz\/finansal-raporlama-ve-analiz-sirketinizin-finansal-durumunu-dogru-anlayin\/\" class=\"btn btn-naked text-uppercase ltr-sp-1 size-sm font-weight-bold lqd-lp-read-more\">\n\t\t<span class=\"btn-line btn-line-before d-inline-block pos-rel\"><\/span>\n\t\t<span class=\"btn-txt d-inline-block\">Continue Reading<\/span>\n\t\t<span class=\"btn-line btn-line-after d-inline-block pos-rel\">\n\t\t\t<svg class=\"d-inline-block pos-abs\" xmlns=\"http:\/\/www.w3.org\/2000\/svg\" width=\"12\" height=\"32\" viewBox=\"0 0 12 32\" style=\"height: 2em;\"><path fill=\"currentColor\" d=\"M8.375 16L.437 8.062C-.125 7.5-.125 6.5.438 5.938s1.563-.563 2.126 0l9 9c.562.562.624 1.5.062 2.062l-9.063 9.063c-.312.312-.687.437-1.062.437s-.75-.125-1.063-.438c-.562-.562-.562-1.562 0-2.125z\"><\/path><\/svg>\n\t\t<\/span>\n\t<\/a>\n<\/footer>\n\n<a  href=\"https:\/\/yilmazlarmalimusavirlik.com\/index.php\/finansal-raporlama-ve-analiz\/finansal-raporlama-ve-analiz-sirketinizin-finansal-durumunu-dogru-anlayin\/\" class=\"lqd-lp-overlay-link lqd-overlay lqd-cc-label-trigger z-index-2\" tab-index=\"-1\"><\/a>\n<\/article><\/div><div class=\"lqd-lp-column d-flex flex-column col-md-6 col-sm-6 e-fatura-islemleri\"><article id=\"post-10007\" class=\"lqd-lp pos-rel lqd-lp lqd-lp-style-16 text-start post-10007 post type-post status-publish format-standard has-post-thumbnail hentry category-e-fatura-islemleri tag-e-fatura-islemleri\">\n\n<div class=\"lqd-lp-img border-radius-4 overflow-hidden pos-rel mb-5\">\n\t<figure class=\"pos-rel bg-cover bg-center w-100\"><img loading=\"lazy\" decoding=\"async\" width=\"720\" height=\"400\" src=\"data:image\/svg+xml;charset=utf-8,%3Csvg xmlns%3D&#039;http%3A%2F%2Fwww.w3.org%2F2000%2Fsvg&#039; viewBox%3D&#039;0 0  &#039;%2F%3E\" class=\"w-100 ld-lazyload wp-post-image\" alt=\"\" itemprop=\"image\" data-src=\"https:\/\/yilmazlarmalimusavirlik.com\/wp-content\/uploads\/2021\/06\/138115-720x400.jpg\" data-aspect=\"\" \/><\/figure><\/div>\n\n<header class=\"lqd-lp-header mb-3\">\n\t<h2 class=\"entry-title lqd-lp-title h5 m-0\"><a  href=\"https:\/\/yilmazlarmalimusavirlik.com\/index.php\/e-fatura-islemleri\/e-fatura-islemleri-dijital-donusumle-vergi-islemlerinizi-kolaylastirin\/\" rel=\"bookmark\">E-Fatura \u0130\u015flemleri: Dijital D\u00f6n\u00fc\u015f\u00fcmle Vergi \u0130\u015flemlerinizi Kolayla\u015ft\u0131r\u0131n<\/a><\/h2><\/header>\n\n\t\t\t<div class=\"lqd-lp-excerpt mb-3\">\n\t\t\t\t\t\t\t<\/div>\n\t\t\n<footer class=\"lqd-lp-footer pos-rel z-index-2 pt-1\">\n\t<a href=\"https:\/\/yilmazlarmalimusavirlik.com\/index.php\/e-fatura-islemleri\/e-fatura-islemleri-dijital-donusumle-vergi-islemlerinizi-kolaylastirin\/\" class=\"btn btn-naked text-uppercase ltr-sp-1 size-sm font-weight-bold lqd-lp-read-more\">\n\t\t<span class=\"btn-line btn-line-before d-inline-block pos-rel\"><\/span>\n\t\t<span class=\"btn-txt d-inline-block\">Continue Reading<\/span>\n\t\t<span class=\"btn-line btn-line-after d-inline-block pos-rel\">\n\t\t\t<svg class=\"d-inline-block pos-abs\" xmlns=\"http:\/\/www.w3.org\/2000\/svg\" width=\"12\" height=\"32\" viewBox=\"0 0 12 32\" style=\"height: 2em;\"><path fill=\"currentColor\" d=\"M8.375 16L.437 8.062C-.125 7.5-.125 6.5.438 5.938s1.563-.563 2.126 0l9 9c.562.562.624 1.5.062 2.062l-9.063 9.063c-.312.312-.687.437-1.062.437s-.75-.125-1.063-.438c-.562-.562-.562-1.562 0-2.125z\"><\/path><\/svg>\n\t\t<\/span>\n\t<\/a>\n<\/footer>\n\n<a  href=\"https:\/\/yilmazlarmalimusavirlik.com\/index.php\/e-fatura-islemleri\/e-fatura-islemleri-dijital-donusumle-vergi-islemlerinizi-kolaylastirin\/\" class=\"lqd-lp-overlay-link lqd-overlay lqd-cc-label-trigger z-index-2\" tab-index=\"-1\"><\/a>\n<\/article><\/div><\/div><!--\/ .row --><\/div><!--\/ .lqd-lp-grid -->\t\t\t\t<\/div>\n\t\t\t\t<\/div>\n\t\t\t\t\t<\/div>\n\t\t<\/div>\n\t\t\t\t\t<\/div>\n\t\t<\/section>\n\t\t<div class=\"elementor-element elementor-element-6e0bd66 e-con-full e-flex e-con e-parent\" data-id=\"6e0bd66\" data-element_type=\"container\">\n\t\t\t\t<div class=\"elementor-element elementor-element-6082933 elementor-widget__width-inherit elementor-widget elementor-widget-html\" data-id=\"6082933\" data-element_type=\"widget\" data-widget_type=\"html.default\">\n\t\t\t\t<div class=\"elementor-widget-container\">\n\t\t\t\t\t<iframe src=\"https:\/\/www.google.com\/maps\/embed?pb=!1m18!1m12!1m3!1d48280.8648250993!2d29.271225056479015!3d40.85971374809775!2m3!1f0!2f0!3f0!3m2!1i1024!2i768!4f13.1!3m3!1m2!1s0x14cad916057f4263%3A0xe0be153bd2ad89a8!2zQXlkxLFubMSxLCBUdXpsYS_EsHN0YW5idWw!5e0!3m2!1str!2str!4v1735570296039!5m2!1str!2str\" width=\"600\" height=\"450\" style=\"border:0;\" allowfullscreen=\"\" loading=\"lazy\" referrerpolicy=\"no-referrer-when-downgrade\"><\/iframe>\t\t\t\t<\/div>\n\t\t\t\t<\/div>\n\t\t\t\t<\/div>\n\t\t\t\t<\/div>\n\t\t","protected":false},"excerpt":{"rendered":"","protected":false},"author":1,"featured_media":0,"parent":0,"menu_order":0,"comment_status":"closed","ping_status":"closed","template":"","meta":{"footnotes":""},"class_list":["post-8994","page","type-page","status-publish","hentry"],"_links":{"self":[{"href":"https:\/\/yilmazlarmalimusavirlik.com\/index.php\/wp-json\/wp\/v2\/pages\/8994","targetHints":{"allow":["GET"]}}],"collection":[{"href":"https:\/\/yilmazlarmalimusavirlik.com\/index.php\/wp-json\/wp\/v2\/pages"}],"about":[{"href":"https:\/\/yilmazlarmalimusavirlik.com\/index.php\/wp-json\/wp\/v2\/types\/page"}],"author":[{"embeddable":true,"href":"https:\/\/yilmazlarmalimusavirlik.com\/index.php\/wp-json\/wp\/v2\/users\/1"}],"replies":[{"embeddable":true,"href":"https:\/\/yilmazlarmalimusavirlik.com\/index.php\/wp-json\/wp\/v2\/comments?post=8994"}],"version-history":[{"count":4,"href":"https:\/\/yilmazlarmalimusavirlik.com\/index.php\/wp-json\/wp\/v2\/pages\/8994\/revisions"}],"predecessor-version":[{"id":18788,"href":"https:\/\/yilmazlarmalimusavirlik.com\/index.php\/wp-json\/wp\/v2\/pages\/8994\/revisions\/18788"}],"wp:attachment":[{"href":"https:\/\/yilmazlarmalimusavirlik.com\/index.php\/wp-json\/wp\/v2\/media?parent=8994"}],"curies":[{"name":"wp","href":"https:\/\/api.w.org\/{rel}","templated":true}]}}