{"id":8958,"date":"2020-12-14T07:27:37","date_gmt":"2020-12-14T07:27:37","guid":{"rendered":"https:\/\/companyhub.liquid-themes.com\/staging\/?page_id=8958"},"modified":"2025-01-04T10:16:25","modified_gmt":"2025-01-04T07:16:25","slug":"hakkimizda","status":"publish","type":"page","link":"https:\/\/yilmazlarmalimusavirlik.com\/index.php\/hakkimizda\/","title":{"rendered":"Hakk\u0131m\u0131zda"},"content":{"rendered":"\t\t<div data-elementor-type=\"wp-page\" data-elementor-id=\"8958\" class=\"elementor elementor-8958\">\n\t\t\t\t<div class=\"elementor-element elementor-element-6b397ae e-flex e-con-boxed e-con e-parent\" data-id=\"6b397ae\" data-element_type=\"container\">\n\t\t\t\t\t<div class=\"e-con-inner\">\n\t\t<div class=\"elementor-element elementor-element-3ce7d15 e-con-full e-flex e-con e-child\" data-id=\"3ce7d15\" data-element_type=\"container\">\n\t\t\t\t<div class=\"elementor-element elementor-element-17840a8 elementor-widget elementor-widget-heading\" data-id=\"17840a8\" data-element_type=\"widget\" data-widget_type=\"heading.default\">\n\t\t\t\t<div class=\"elementor-widget-container\">\n\t\t\t\t\t<h2 class=\"elementor-heading-title elementor-size-default\">Y\u0131lmazlar Mali M\u00fc\u015favirlik<\/h2>\t\t\t\t<\/div>\n\t\t\t\t<\/div>\n\t\t\t\t<div class=\"elementor-element elementor-element-6dbee28 elementor-widget elementor-widget-text-editor\" data-id=\"6dbee28\" data-element_type=\"widget\" data-widget_type=\"text-editor.default\">\n\t\t\t\t<div class=\"elementor-widget-container\">\n\t\t\t\t\t\t\t\t\t<p>Y\u0131lmazlar Mali M\u00fc\u015favirlik olarak i\u015fletmelerin mali s\u00fcre\u00e7lerini y\u00f6netmelerine yard\u0131mc\u0131 olmak i\u00e7in uzun y\u0131llara dayanan tecr\u00fcbemiz ve uzman kadromuzla hizmet veriyoruz. Vergi dan\u0131\u015fmanl\u0131\u011f\u0131, \u015firket kurulu\u015f dan\u0131\u015fmanl\u0131\u011f\u0131, finansal raporlama ve analiz, E-fatura i\u015flemleri, KOSGEB dan\u0131\u015fmanl\u0131\u011f\u0131, gen\u00e7 giri\u015fimci destekleri, KDV iade i\u015flemleri ve SGK denetim i\u015flemleri gibi geni\u015f bir hizmet yelpazesi sunuyoruz. Amac\u0131m\u0131z, i\u015fletmenizin vergi y\u00fck\u00fcml\u00fcl\u00fcklerini do\u011fru \u015fekilde yerine getirmesini, operasyonel verimlili\u011fini art\u0131rmas\u0131n\u0131 ve s\u00fcrd\u00fcr\u00fclebilir bir b\u00fcy\u00fcme hedeflemesini sa\u011flamakt\u0131r.<\/p><p>M\u00fc\u015fteri odakl\u0131 yakla\u015f\u0131m\u0131m\u0131zla, her bir m\u00fc\u015fterimizin ihtiya\u00e7lar\u0131na \u00f6zel \u00e7\u00f6z\u00fcmler sunuyor ve g\u00fcvene dayal\u0131 uzun vadeli ili\u015fkiler kurmay\u0131 hedefliyoruz. Alan\u0131nda uzman ekibimiz, en g\u00fcncel vergi yasalar\u0131 ve d\u00fczenlemeleriyle ilgili derin bilgiye sahip olarak her zaman en do\u011fru ve etkili \u00e7\u00f6z\u00fcmleri sunmaktad\u0131r.<\/p><p>\u0130\u015fletmenizin mali y\u00fck\u00fcml\u00fcl\u00fcklerini profesyonelce y\u00f6netmek ve finansal hedeflerinize ula\u015fmak i\u00e7in bizimle ileti\u015fime ge\u00e7ebilirsiniz.<\/p><p><strong>Misyonumuz<\/strong><br \/>M\u00fc\u015fterilerimizin finansal sa\u011fl\u0131klar\u0131n\u0131 en \u00fcst d\u00fczeye \u00e7\u0131karmak ve onlar\u0131 karma\u015f\u0131k mali i\u015flemlerden korumak i\u00e7in profesyonel \u00e7\u00f6z\u00fcmler sunmak.<\/p><p><strong>Vizyonumuz<\/strong><br \/>\u0130\u015fletmelere sundu\u011fumuz modern \u00e7\u00f6z\u00fcmlerle finansal ba\u015far\u0131lar\u0131n\u0131 g\u00fcvence alt\u0131na alarak sekt\u00f6r\u00fcm\u00fczde lider konumda olmak.<\/p>\t\t\t\t\t\t\t\t<\/div>\n\t\t\t\t<\/div>\n\t\t\t\t<\/div>\n\t\t<div class=\"elementor-element elementor-element-ac4ceda e-con-full e-flex e-con e-child\" data-id=\"ac4ceda\" data-element_type=\"container\">\n\t\t\t\t<div class=\"elementor-element elementor-element-a8931ad elementor-widget elementor-widget-ld_fancy_image\" data-id=\"a8931ad\" data-element_type=\"widget\" data-widget_type=\"ld_fancy_image.default\">\n\t\t\t\t<div class=\"elementor-widget-container\">\n\t\t\t\t\t\n\t\t<div class=\"lqd-imggrp-single d-block pos-rel \">\n\t\t\t<div class=\"lqd-imggrp-img-container d-inline-flex pos-rel align-items-center justify-content-center \">\n\t\t\t\t\t\t\t\t<figure class=\"w-100 pos-rel\">\n\t\t\t\t\t<img fetchpriority=\"high\" decoding=\"async\" width=\"500\" height=\"300\" src=\"https:\/\/yilmazlarmalimusavirlik.com\/wp-content\/uploads\/2024\/12\/mali.jpg\" class=\"attachment-full size-full wp-image-18725\" alt=\"\" itemprop=\"image\" \/>\t\t\t\t\t\t\t\t\t\t\t\t\t\t\t\t\t\t\t\t\t\t\t\t\t\t\t\t\t<\/figure>\n\t\t\t<\/div>\n\t\t<\/div>\n\n\t\t\t\t\t<\/div>\n\t\t\t\t<\/div>\n\t\t\t\t<\/div>\n\t\t\t\t\t<\/div>\n\t\t\t\t<\/div>\n\t\t<div class=\"elementor-element elementor-element-be24973 e-flex e-con-boxed e-con e-parent\" data-id=\"be24973\" data-element_type=\"container\">\n\t\t\t\t\t<div class=\"e-con-inner\">\n\t\t<div class=\"elementor-element elementor-element-3c37421 e-con-full e-flex e-con e-child\" data-id=\"3c37421\" data-element_type=\"container\">\n\t\t\t\t<div class=\"elementor-element elementor-element-8c15641 elementor-widget elementor-widget-ld_button\" data-id=\"8c15641\" data-element_type=\"widget\" data-widget_type=\"ld_button.default\">\n\t\t\t\t<div class=\"elementor-widget-container\">\n\t\t\t\t\t\n\t\t\t<a\n\t\t\t\thref=\"#\"class=\"elementor-button btn btn-solid btn-icon-shaped btn-has-label\"\t\t\t>\n\t\t\t\t\t\t\t\t\t<span data-text=\"G\u00f6sterge Niteli\u011findeki Merkez Bankas\u0131 Kurslar\u0131\" class=\"btn-txt\">\n\t\t\t\t\t\tG\u00f6sterge Niteli\u011findeki Merkez Bankas\u0131 Kurslar\u0131\t\t\t\t\t<\/span>\n\t\t\t\t\t\t\t\t\t\t\t<\/a>\n\t\t\t\t\t\t\t<\/div>\n\t\t\t\t<\/div>\n\t\t\t\t<div class=\"elementor-element elementor-element-31b0f70 elementor-widget elementor-widget-ld_button\" data-id=\"31b0f70\" data-element_type=\"widget\" data-widget_type=\"ld_button.default\">\n\t\t\t\t<div class=\"elementor-widget-container\">\n\t\t\t\t\t\n\t\t\t<a\n\t\t\t\thref=\"#\"class=\"elementor-button btn btn-solid btn-icon-shaped btn-has-label\"\t\t\t>\n\t\t\t\t\t\t\t\t\t<span data-text=\"\u0130\u015fkur Te\u015fvikleri\" class=\"btn-txt\">\n\t\t\t\t\t\t\u0130\u015fkur Te\u015fvikleri\t\t\t\t\t<\/span>\n\t\t\t\t\t\t\t\t\t\t\t<\/a>\n\t\t\t\t\t\t\t<\/div>\n\t\t\t\t<\/div>\n\t\t\t\t<div class=\"elementor-element elementor-element-9d601a4 elementor-widget elementor-widget-ld_button\" data-id=\"9d601a4\" data-element_type=\"widget\" data-widget_type=\"ld_button.default\">\n\t\t\t\t<div class=\"elementor-widget-container\">\n\t\t\t\t\t\n\t\t\t<a\n\t\t\t\thref=\"#\"class=\"elementor-button btn btn-solid btn-icon-shaped btn-has-label\"\t\t\t>\n\t\t\t\t\t\t\t\t\t<span data-text=\"Pratik Bilgiler\" class=\"btn-txt\">\n\t\t\t\t\t\tPratik Bilgiler\t\t\t\t\t<\/span>\n\t\t\t\t\t\t\t\t\t\t\t<\/a>\n\t\t\t\t\t\t\t<\/div>\n\t\t\t\t<\/div>\n\t\t\t\t<div class=\"elementor-element elementor-element-66cce59 elementor-widget elementor-widget-ld_button\" data-id=\"66cce59\" data-element_type=\"widget\" data-widget_type=\"ld_button.default\">\n\t\t\t\t<div class=\"elementor-widget-container\">\n\t\t\t\t\t\n\t\t\t<a\n\t\t\t\thref=\"#\"class=\"elementor-button btn btn-solid btn-icon-shaped btn-has-label\"\t\t\t>\n\t\t\t\t\t\t\t\t\t<span data-text=\"Vergi Takvimi\" class=\"btn-txt\">\n\t\t\t\t\t\tVergi Takvimi\t\t\t\t\t<\/span>\n\t\t\t\t\t\t\t\t\t\t\t<\/a>\n\t\t\t\t\t\t\t<\/div>\n\t\t\t\t<\/div>\n\t\t\t\t<div class=\"elementor-element elementor-element-6b36512 elementor-widget elementor-widget-ld_button\" data-id=\"6b36512\" data-element_type=\"widget\" data-widget_type=\"ld_button.default\">\n\t\t\t\t<div class=\"elementor-widget-container\">\n\t\t\t\t\t\n\t\t\t<a\n\t\t\t\thref=\"#\"class=\"elementor-button btn btn-solid btn-icon-shaped btn-has-label\"\t\t\t>\n\t\t\t\t\t\t\t\t\t<span data-text=\"Mevzuat\" class=\"btn-txt\">\n\t\t\t\t\t\tMevzuat\t\t\t\t\t<\/span>\n\t\t\t\t\t\t\t\t\t\t\t<\/a>\n\t\t\t\t\t\t\t<\/div>\n\t\t\t\t<\/div>\n\t\t\t\t<\/div>\n\t\t<div class=\"elementor-element elementor-element-b4e2617 e-con-full e-flex e-con e-child\" data-id=\"b4e2617\" data-element_type=\"container\">\n\t\t\t\t<div class=\"elementor-element elementor-element-8d7af6a elementor-widget elementor-widget-image\" data-id=\"8d7af6a\" data-element_type=\"widget\" data-widget_type=\"image.default\">\n\t\t\t\t<div class=\"elementor-widget-container\">\n\t\t\t\t\t\t\t\t\t\t\t\t\t\t\t<img decoding=\"async\" width=\"780\" height=\"520\" src=\"https:\/\/yilmazlarmalimusavirlik.com\/wp-content\/uploads\/2024\/12\/paperwork_1098-18063.jpg\" class=\"attachment-large size-large wp-image-18520\" alt=\"\" \/>\t\t\t\t\t\t\t\t\t\t\t\t\t\t\t<\/div>\n\t\t\t\t<\/div>\n\t\t\t\t<\/div>\n\t\t\t\t\t<\/div>\n\t\t\t\t<\/div>\n\t\t<div class=\"elementor-element elementor-element-9009d94 e-flex e-con-boxed e-con e-parent\" data-id=\"9009d94\" data-element_type=\"container\">\n\t\t\t\t\t<div class=\"e-con-inner\">\n\t\t\t\t<div class=\"elementor-element elementor-element-47e2270 elementor-widget__width-inherit elementor-widget elementor-widget-html\" data-id=\"47e2270\" data-element_type=\"widget\" data-widget_type=\"html.default\">\n\t\t\t\t<div class=\"elementor-widget-container\">\n\t\t\t\t\t<iframe src=\"https:\/\/www.google.com\/maps\/embed?pb=!1m18!1m12!1m3!1d48280.8648250993!2d29.271225056479015!3d40.85971374809775!2m3!1f0!2f0!3f0!3m2!1i1024!2i768!4f13.1!3m3!1m2!1s0x14cad916057f4263%3A0xe0be153bd2ad89a8!2zQXlkxLFubMSxLCBUdXpsYS_EsHN0YW5idWw!5e0!3m2!1str!2str!4v1735570296039!5m2!1str!2str\" width=\"600\" height=\"450\" style=\"border:0;\" allowfullscreen=\"\" loading=\"lazy\" referrerpolicy=\"no-referrer-when-downgrade\"><\/iframe>\t\t\t\t<\/div>\n\t\t\t\t<\/div>\n\t\t\t\t\t<\/div>\n\t\t\t\t<\/div>\n\t\t\t\t<\/div>\n\t\t","protected":false},"excerpt":{"rendered":"<p>Y\u0131lmazlar Mali M\u00fc\u015favirlik Y\u0131lmazlar Mali M\u00fc\u015favirlik olarak i\u015fletmelerin mali s\u00fcre\u00e7lerini y\u00f6netmelerine yard\u0131mc\u0131 olmak i\u00e7in uzun y\u0131llara dayanan tecr\u00fcbemiz ve uzman kadromuzla hizmet veriyoruz. Vergi dan\u0131\u015fmanl\u0131\u011f\u0131, \u015firket kurulu\u015f dan\u0131\u015fmanl\u0131\u011f\u0131, finansal raporlama ve analiz, E-fatura i\u015flemleri, KOSGEB dan\u0131\u015fmanl\u0131\u011f\u0131, gen\u00e7 giri\u015fimci destekleri, KDV iade i\u015flemleri ve SGK denetim i\u015flemleri gibi geni\u015f bir hizmet yelpazesi sunuyoruz. Amac\u0131m\u0131z, i\u015fletmenizin vergi [&hellip;]<\/p>\n","protected":false},"author":1,"featured_media":0,"parent":0,"menu_order":0,"comment_status":"closed","ping_status":"closed","template":"","meta":{"footnotes":""},"class_list":["post-8958","page","type-page","status-publish","hentry"],"_links":{"self":[{"href":"https:\/\/yilmazlarmalimusavirlik.com\/index.php\/wp-json\/wp\/v2\/pages\/8958","targetHints":{"allow":["GET"]}}],"collection":[{"href":"https:\/\/yilmazlarmalimusavirlik.com\/index.php\/wp-json\/wp\/v2\/pages"}],"about":[{"href":"https:\/\/yilmazlarmalimusavirlik.com\/index.php\/wp-json\/wp\/v2\/types\/page"}],"author":[{"embeddable":true,"href":"https:\/\/yilmazlarmalimusavirlik.com\/index.php\/wp-json\/wp\/v2\/users\/1"}],"replies":[{"embeddable":true,"href":"https:\/\/yilmazlarmalimusavirlik.com\/index.php\/wp-json\/wp\/v2\/comments?post=8958"}],"version-history":[{"count":13,"href":"https:\/\/yilmazlarmalimusavirlik.com\/index.php\/wp-json\/wp\/v2\/pages\/8958\/revisions"}],"predecessor-version":[{"id":18821,"href":"https:\/\/yilmazlarmalimusavirlik.com\/index.php\/wp-json\/wp\/v2\/pages\/8958\/revisions\/18821"}],"wp:attachment":[{"href":"https:\/\/yilmazlarmalimusavirlik.com\/index.php\/wp-json\/wp\/v2\/media?parent=8958"}],"curies":[{"name":"wp","href":"https:\/\/api.w.org\/{rel}","templated":true}]}}